{"id":2,"date":"2021-01-20T10:26:48","date_gmt":"2021-01-20T10:26:48","guid":{"rendered":"https:\/\/sylwiarespondek.pl\/?page_id=2"},"modified":"2021-01-22T09:39:55","modified_gmt":"2021-01-22T09:39:55","slug":"sample-page","status":"publish","type":"page","link":"https:\/\/sylwiarespondek.pl\/","title":{"rendered":"Sylwia Respondek"},"content":{"rendered":"\n<p>Firma Sylwia Respondek prowadzi dzia\u0142alno\u015b\u0107 hotelarsk\u0105 w obiektach:<\/p>\n\n\n\n<ul><li>Hotel DeSilva Premium Opole, ul. Powolnego 10, 45-078 Opole<\/li><li>Hotel Mercure Opole, ul. Krakowska 57\/59, 45-018 Opole&nbsp;<\/li><\/ul>\n\n\n\n<h2>Hotel DeSilva Premium Opole<\/h2>\n\n\n\n<p>ul. Powolnego 10, 45-078 Opole<\/p>\n\n\n\n<figure class=\"wp-block-gallery columns-3 is-cropped\"><ul class=\"blocks-gallery-grid\"><li class=\"blocks-gallery-item\"><figure><img loading=\"lazy\" width=\"1024\" height=\"715\" src=\"https:\/\/sylwiarespondek.pl\/wp-content\/uploads\/2021\/01\/opole24-1024x715.jpg\" alt=\"\" data-id=\"17\" data-full-url=\"https:\/\/sylwiarespondek.pl\/wp-content\/uploads\/2021\/01\/opole24.jpg\" data-link=\"https:\/\/sylwiarespondek.pl\/index.php\/sample-page\/opole24\/\" class=\"wp-image-17\" srcset=\"https:\/\/sylwiarespondek.pl\/wp-content\/uploads\/2021\/01\/opole24-1024x715.jpg 1024w, https:\/\/sylwiarespondek.pl\/wp-content\/uploads\/2021\/01\/opole24-300x210.jpg 300w, https:\/\/sylwiarespondek.pl\/wp-content\/uploads\/2021\/01\/opole24-768x536.jpg 768w, https:\/\/sylwiarespondek.pl\/wp-content\/uploads\/2021\/01\/opole24.jpg 1512w\" sizes=\"(max-width: 1024px) 100vw, 1024px\" \/><\/figure><\/li><li class=\"blocks-gallery-item\"><figure><img loading=\"lazy\" width=\"1024\" height=\"680\" src=\"https:\/\/sylwiarespondek.pl\/wp-content\/uploads\/2021\/01\/opole5-1024x680.jpg\" alt=\"\" data-id=\"19\" data-full-url=\"https:\/\/sylwiarespondek.pl\/wp-content\/uploads\/2021\/01\/opole5.jpg\" data-link=\"https:\/\/sylwiarespondek.pl\/index.php\/sample-page\/opole5\/\" class=\"wp-image-19\" srcset=\"https:\/\/sylwiarespondek.pl\/wp-content\/uploads\/2021\/01\/opole5-1024x680.jpg 1024w, https:\/\/sylwiarespondek.pl\/wp-content\/uploads\/2021\/01\/opole5-300x199.jpg 300w, https:\/\/sylwiarespondek.pl\/wp-content\/uploads\/2021\/01\/opole5-768x510.jpg 768w, https:\/\/sylwiarespondek.pl\/wp-content\/uploads\/2021\/01\/opole5-1536x1020.jpg 1536w, https:\/\/sylwiarespondek.pl\/wp-content\/uploads\/2021\/01\/opole5-2048x1360.jpg 2048w\" sizes=\"(max-width: 1024px) 100vw, 1024px\" \/><\/figure><\/li><li class=\"blocks-gallery-item\"><figure><img loading=\"lazy\" width=\"1024\" height=\"626\" src=\"https:\/\/sylwiarespondek.pl\/wp-content\/uploads\/2021\/01\/opole18-1024x626.jpg\" alt=\"\" data-id=\"20\" data-full-url=\"https:\/\/sylwiarespondek.pl\/wp-content\/uploads\/2021\/01\/opole18.jpg\" data-link=\"https:\/\/sylwiarespondek.pl\/index.php\/sample-page\/opole18\/\" class=\"wp-image-20\" srcset=\"https:\/\/sylwiarespondek.pl\/wp-content\/uploads\/2021\/01\/opole18-1024x626.jpg 1024w, https:\/\/sylwiarespondek.pl\/wp-content\/uploads\/2021\/01\/opole18-300x183.jpg 300w, https:\/\/sylwiarespondek.pl\/wp-content\/uploads\/2021\/01\/opole18-768x470.jpg 768w, https:\/\/sylwiarespondek.pl\/wp-content\/uploads\/2021\/01\/opole18-1536x939.jpg 1536w, https:\/\/sylwiarespondek.pl\/wp-content\/uploads\/2021\/01\/opole18-2048x1252.jpg 2048w\" sizes=\"(max-width: 1024px) 100vw, 1024px\" \/><\/figure><\/li><\/ul><\/figure>\n\n\n\n<h2>Hotel Mercure Opole<\/h2>\n\n\n\n<p>ul. Krakowska 57\/59, 45-018 Opole&nbsp;<\/p>\n\n\n\n<figure class=\"wp-block-gallery columns-3 is-cropped\"><ul class=\"blocks-gallery-grid\"><li class=\"blocks-gallery-item\"><figure><img loading=\"lazy\" width=\"601\" height=\"600\" src=\"https:\/\/sylwiarespondek.pl\/wp-content\/uploads\/2021\/01\/mercure_24.jpg\" alt=\"\" data-id=\"23\" data-full-url=\"https:\/\/sylwiarespondek.pl\/wp-content\/uploads\/2021\/01\/mercure_24.jpg\" data-link=\"https:\/\/sylwiarespondek.pl\/index.php\/sample-page\/mercure_24\/\" class=\"wp-image-23\" srcset=\"https:\/\/sylwiarespondek.pl\/wp-content\/uploads\/2021\/01\/mercure_24.jpg 601w, https:\/\/sylwiarespondek.pl\/wp-content\/uploads\/2021\/01\/mercure_24-300x300.jpg 300w, https:\/\/sylwiarespondek.pl\/wp-content\/uploads\/2021\/01\/mercure_24-150x150.jpg 150w\" sizes=\"(max-width: 601px) 100vw, 601px\" \/><\/figure><\/li><li class=\"blocks-gallery-item\"><figure><img loading=\"lazy\" width=\"1024\" height=\"682\" src=\"https:\/\/sylwiarespondek.pl\/wp-content\/uploads\/2021\/01\/OPO-1024x682.jpg\" alt=\"\" data-id=\"24\" data-full-url=\"https:\/\/sylwiarespondek.pl\/wp-content\/uploads\/2021\/01\/OPO.jpg\" data-link=\"https:\/\/sylwiarespondek.pl\/index.php\/sample-page\/opo\/\" class=\"wp-image-24\" srcset=\"https:\/\/sylwiarespondek.pl\/wp-content\/uploads\/2021\/01\/OPO-1024x682.jpg 1024w, https:\/\/sylwiarespondek.pl\/wp-content\/uploads\/2021\/01\/OPO-300x200.jpg 300w, https:\/\/sylwiarespondek.pl\/wp-content\/uploads\/2021\/01\/OPO-768x512.jpg 768w, https:\/\/sylwiarespondek.pl\/wp-content\/uploads\/2021\/01\/OPO-1536x1024.jpg 1536w, https:\/\/sylwiarespondek.pl\/wp-content\/uploads\/2021\/01\/OPO.jpg 2000w\" sizes=\"(max-width: 1024px) 100vw, 1024px\" \/><\/figure><\/li><li class=\"blocks-gallery-item\"><figure><img loading=\"lazy\" width=\"1024\" height=\"768\" src=\"https:\/\/sylwiarespondek.pl\/wp-content\/uploads\/2021\/01\/pokoj-322-29670-1024x768.jpg\" alt=\"\" data-id=\"25\" data-full-url=\"https:\/\/sylwiarespondek.pl\/wp-content\/uploads\/2021\/01\/pokoj-322-29670.jpg\" data-link=\"https:\/\/sylwiarespondek.pl\/index.php\/sample-page\/pokoj-322-29670\/\" class=\"wp-image-25\" srcset=\"https:\/\/sylwiarespondek.pl\/wp-content\/uploads\/2021\/01\/pokoj-322-29670-1024x768.jpg 1024w, https:\/\/sylwiarespondek.pl\/wp-content\/uploads\/2021\/01\/pokoj-322-29670-300x225.jpg 300w, https:\/\/sylwiarespondek.pl\/wp-content\/uploads\/2021\/01\/pokoj-322-29670-768x576.jpg 768w, https:\/\/sylwiarespondek.pl\/wp-content\/uploads\/2021\/01\/pokoj-322-29670.jpg 1200w\" sizes=\"(max-width: 1024px) 100vw, 1024px\" \/><\/figure><\/li><\/ul><\/figure>\n\n\n\n<p><strong>Beneficjent: <\/strong><\/p>\n\n\n\n<p><em>Sylwia Respondek<\/em><\/p>\n\n\n\n<p><strong>Projekt: <\/strong><\/p>\n\n\n\n<p><em>Dotacje na kapita\u0142 obrotowy Programu Operacyjnego Inteligentny Rozw\u00f3j 2014-2020 wsp\u00f3\u0142finansowanego ze \u015brodk\u00f3w Europejskiego Funduszu Rozwoju Regionalnego (Dzia\u0142anie 3.4.) Dofinansowanie Projektu wynios\u0142o: 125.738,58 z\u0142.<\/em><\/p>\n\n\n\n<div class=\"wp-block-image\"><figure class=\"aligncenter size-large\"><img loading=\"lazy\" width=\"1024\" height=\"141\" src=\"https:\/\/sylwiarespondek.pl\/wp-content\/uploads\/2021\/01\/FE_POIR_poziom_pl-1_rgb-1024x141.png\" alt=\"\" class=\"wp-image-29\" srcset=\"https:\/\/sylwiarespondek.pl\/wp-content\/uploads\/2021\/01\/FE_POIR_poziom_pl-1_rgb-1024x141.png 1024w, https:\/\/sylwiarespondek.pl\/wp-content\/uploads\/2021\/01\/FE_POIR_poziom_pl-1_rgb-300x41.png 300w, https:\/\/sylwiarespondek.pl\/wp-content\/uploads\/2021\/01\/FE_POIR_poziom_pl-1_rgb-768x106.png 768w, https:\/\/sylwiarespondek.pl\/wp-content\/uploads\/2021\/01\/FE_POIR_poziom_pl-1_rgb-1536x211.png 1536w, https:\/\/sylwiarespondek.pl\/wp-content\/uploads\/2021\/01\/FE_POIR_poziom_pl-1_rgb-2048x282.png 2048w\" sizes=\"(max-width: 1024px) 100vw, 1024px\" \/><\/figure><\/div>\n\n\n\n<hr class=\"wp-block-separator is-style-wide\"\/>\n\n\n\n<p>Firma Sylwia Respondek jest Beneficjentem subwencji finansowej w ramach Tarczy 2.0 Polskiego Funduszu Rozwoju w wysoko\u015bci 2.019.099,00 PLN.<\/p>\n\n\n\n<div class=\"wp-block-image\"><figure class=\"aligncenter size-large is-resized\"><img loading=\"lazy\" src=\"https:\/\/sylwiarespondek.pl\/wp-content\/uploads\/2021\/01\/PFR.png\" alt=\"\" class=\"wp-image-32\" width=\"536\" height=\"110\" srcset=\"https:\/\/sylwiarespondek.pl\/wp-content\/uploads\/2021\/01\/PFR.png 896w, https:\/\/sylwiarespondek.pl\/wp-content\/uploads\/2021\/01\/PFR-300x62.png 300w, https:\/\/sylwiarespondek.pl\/wp-content\/uploads\/2021\/01\/PFR-768x158.png 768w\" sizes=\"(max-width: 536px) 100vw, 536px\" \/><\/figure><\/div>\n\n\n\n<p><\/p>\n","protected":false},"excerpt":{"rendered":"<p>Firma Sylwia Respondek prowadzi dzia\u0142alno\u015b\u0107 hotelarsk\u0105 w obiektach: Hotel DeSilva Premium Opole, ul. Powolnego 10, 45-078 Opole Hotel Mercure Opole, ul. Krakowska 57\/59, 45-018 Opole&nbsp; Hotel DeSilva Premium Opole ul. Powolnego 10, 45-078 Opole Hotel Mercure Opole ul. Krakowska 57\/59, 45-018 Opole&nbsp; Beneficjent: Sylwia Respondek Projekt: Dotacje na kapita\u0142 obrotowy Programu Operacyjnego Inteligentny Rozw\u00f3j 2014-2020 [&hellip;]<\/p>\n","protected":false},"author":1,"featured_media":0,"parent":0,"menu_order":0,"comment_status":"closed","ping_status":"open","template":"","meta":[],"_links":{"self":[{"href":"https:\/\/sylwiarespondek.pl\/index.php\/wp-json\/wp\/v2\/pages\/2"}],"collection":[{"href":"https:\/\/sylwiarespondek.pl\/index.php\/wp-json\/wp\/v2\/pages"}],"about":[{"href":"https:\/\/sylwiarespondek.pl\/index.php\/wp-json\/wp\/v2\/types\/page"}],"author":[{"embeddable":true,"href":"https:\/\/sylwiarespondek.pl\/index.php\/wp-json\/wp\/v2\/users\/1"}],"replies":[{"embeddable":true,"href":"https:\/\/sylwiarespondek.pl\/index.php\/wp-json\/wp\/v2\/comments?post=2"}],"version-history":[{"count":7,"href":"https:\/\/sylwiarespondek.pl\/index.php\/wp-json\/wp\/v2\/pages\/2\/revisions"}],"predecessor-version":[{"id":33,"href":"https:\/\/sylwiarespondek.pl\/index.php\/wp-json\/wp\/v2\/pages\/2\/revisions\/33"}],"wp:attachment":[{"href":"https:\/\/sylwiarespondek.pl\/index.php\/wp-json\/wp\/v2\/media?parent=2"}],"curies":[{"name":"wp","href":"https:\/\/api.w.org\/{rel}","templated":true}]}}